{"id":16,"date":"2024-01-15T14:05:11","date_gmt":"2024-01-15T14:05:11","guid":{"rendered":"https:\/\/startersites.io\/blocksy\/consultant\/?page_id=16"},"modified":"2025-10-06T23:57:07","modified_gmt":"2025-10-06T23:57:07","slug":"contact","status":"publish","type":"page","link":"https:\/\/dona.ulv.edu.mx\/es\/contact\/","title":{"rendered":"Contacto"},"content":{"rendered":"\n<div class=\"wp-block-greenshift-blocks-container gspb_container gspb_container-gsbp-16c929b\" id=\"gspb_container-id-gsbp-16c929b\">\n<h2 id=\"gspb_heading-id-gsbp-2a85557\" class=\"gspb_heading gspb_heading-id-gsbp-2a85557 \">\u00bfTienes alguna duda, comentario o propuesta?<\/h2>\n\n\n\n<div id=\"gspb_text-id-gsbp-a415773\" class=\"gspb_text gspb_text-id-gsbp-a415773 \"><span style=\"color: var(--theme-palette-color-3, #244772);\" class=\"stk-highlight\">Estamos aqu\u00ed para ayudarte. Puedes ponerte en contacto con nosotros a trav\u00e9s de los siguientes medios:<br><br><strong>Tel\u00e9fono<\/strong><br>Ll\u00e1manos al: +52 919 196 30 44<br><br><strong>Correo electr\u00f3nico<\/strong><br>Escr\u00edbenos a: recaudaciones@ulv.edu.mx<\/span><br><br><strong>Horario de atenci\u00f3n:<\/strong> Lunes a Jueves de 8:30 a 13:00 y de 15:00 a 18:00h. Viernes 8:30 a 14:00h.<span style=\"color: var(--theme-palette-color-3, #244772);\" class=\"stk-highlight\"><br><br>Te responderemos lo m\u00e1s pronto posible.<\/span><\/div>\n<\/div>\n\n\n\n<h2 id=\"gspb_heading-id-gsbp-5cbd8de\" class=\"gspb_heading gspb_heading-id-gsbp-5cbd8de \"><span style=\"color: var(--theme-palette-color-3, #244772);\" class=\"stk-highlight\">Si prefieres, tambi\u00e9n puedes enviarnos un mensaje directo desde aqu\u00ed:<\/span><\/h2>\n\n\n\n<div class=\"wp-block-greenshift-blocks-container gspb_container gspb_container-gsbp-f600753\" id=\"gspb_container-id-gsbp-f600753\">\n<div class=\"nfd-container  nfd-wb-forms__form-2 is-style-nfd-theme-white wp-block-group is-layout-constrained wp-block-group-is-layout-constrained\">\n<div class=\"nfd-p-lg is-style-nfd-theme-white wp-block-group is-layout-constrained wp-container-core-group-is-layout-41c06ba8 wp-block-group-is-layout-constrained\"><div class=\"wp-block-jetpack-contact-form is-style-default nfd-jp-form\"><a href=\"https:\/\/dona.ulv.edu.mx\/es\/contact\/\" target=\"_blank\" rel=\"noopener noreferrer\">Env\u00eda un formulario.<\/a><\/div><\/div>\n<\/div>\n<\/div>\n","protected":false},"excerpt":{"rendered":"","protected":false},"author":1,"featured_media":0,"parent":0,"menu_order":0,"comment_status":"closed","ping_status":"closed","template":"","meta":{"nf_dc_page":"","_gspb_post_css":".gspb_container-id-gsbp-16c929b{flex-direction:column;box-sizing:border-box}#gspb_container-id-gsbp-16c929b.gspb_container>p:last-of-type,#gspb_container-id-gsbp-f600753.gspb_container>p:last-of-type{margin-bottom:0}#gspb_container-id-gsbp-16c929b.gspb_container,#gspb_container-id-gsbp-f600753.gspb_container{position:relative}#gspb_heading-id-gsbp-2a85557,#gspb_heading-id-gsbp-5cbd8de{padding:10px;box-shadow:0 5px 23px 0 rgba(188,207,219,.35);border-top-left-radius:20px;border-top-right-radius:20px;border-bottom-right-radius:20px;border-bottom-left-radius:20px}.gspb_text-id-gsbp-a415773{font-size:14px;margin-top:20px!important;margin-bottom:20px!important;padding:10px!important}#gspb_heading-id-gsbp-5cbd8de{margin-top:40px;margin-bottom:20px;background-color:var(--wp--preset--color--palette-color-6, var(--theme-palette-color-6, #ffffff))}.gspb_container-id-gsbp-f600753{flex-direction:column;box-sizing:border-box}","om_disable_all_campaigns":false,"_monsterinsights_skip_tracking":false,"_monsterinsights_sitenote_active":false,"_monsterinsights_sitenote_note":"","_monsterinsights_sitenote_category":0,"footnotes":""},"class_list":["post-16","page","type-page","status-publish","hentry"],"blocksy_meta":{"has_hero_section":"disabled","styles_descriptor":{"styles":{"desktop":"","tablet":"","mobile":""},"google_fonts":[],"version":6}},"yoast_head":"<!-- This site is optimized with the Yoast SEO plugin v27.4 - https:\/\/yoast.com\/product\/yoast-seo-wordpress\/ -->\n<title>Contacto<\/title>\n<meta name=\"robots\" content=\"index, follow, max-snippet:-1, max-image-preview:large, max-video-preview:-1\" \/>\n<link rel=\"canonical\" href=\"https:\/\/dona.ulv.edu.mx\/es\/contact\/\" \/>\n<meta property=\"og:locale\" content=\"es_ES\" \/>\n<meta property=\"og:locale:alternate\" content=\"en_US\" \/>\n<meta property=\"og:type\" content=\"article\" \/>\n<meta property=\"og:title\" content=\"Contacto\" \/>\n<meta property=\"og:url\" content=\"https:\/\/dona.ulv.edu.mx\/es\/contact\/\" \/>\n<meta property=\"og:site_name\" content=\"Universidad Linda Vista\" \/>\n<meta property=\"article:modified_time\" content=\"2025-10-06T23:57:07+00:00\" \/>\n<meta name=\"twitter:card\" content=\"summary_large_image\" \/>\n<meta name=\"twitter:label1\" content=\"Tiempo de lectura\" \/>\n\t<meta name=\"twitter:data1\" content=\"1 minuto\" \/>\n<script type=\"application\/ld+json\" class=\"yoast-schema-graph\">{\"@context\":\"https:\\\/\\\/schema.org\",\"@graph\":[{\"@type\":\"WebPage\",\"@id\":\"https:\\\/\\\/dona.ulv.edu.mx\\\/es\\\/contact\\\/\",\"url\":\"https:\\\/\\\/dona.ulv.edu.mx\\\/es\\\/contact\\\/\",\"name\":\"Contacto\",\"isPartOf\":{\"@id\":\"https:\\\/\\\/dona.ulv.edu.mx\\\/es\\\/#website\"},\"datePublished\":\"2024-01-15T14:05:11+00:00\",\"dateModified\":\"2025-10-06T23:57:07+00:00\",\"breadcrumb\":{\"@id\":\"https:\\\/\\\/dona.ulv.edu.mx\\\/es\\\/contact\\\/#breadcrumb\"},\"inLanguage\":\"es-ES\",\"potentialAction\":[{\"@type\":\"ReadAction\",\"target\":[\"https:\\\/\\\/dona.ulv.edu.mx\\\/es\\\/contact\\\/\"]}]},{\"@type\":\"BreadcrumbList\",\"@id\":\"https:\\\/\\\/dona.ulv.edu.mx\\\/es\\\/contact\\\/#breadcrumb\",\"itemListElement\":[{\"@type\":\"ListItem\",\"position\":1,\"name\":\"Home\",\"item\":\"https:\\\/\\\/dona.ulv.edu.mx\\\/es\\\/\"},{\"@type\":\"ListItem\",\"position\":2,\"name\":\"Contacto\"}]},{\"@type\":\"WebSite\",\"@id\":\"https:\\\/\\\/dona.ulv.edu.mx\\\/es\\\/#website\",\"url\":\"https:\\\/\\\/dona.ulv.edu.mx\\\/es\\\/\",\"name\":\"Universidad Linda Vista\",\"description\":\"\",\"publisher\":{\"@id\":\"https:\\\/\\\/dona.ulv.edu.mx\\\/es\\\/#organization\"},\"potentialAction\":[{\"@type\":\"SearchAction\",\"target\":{\"@type\":\"EntryPoint\",\"urlTemplate\":\"https:\\\/\\\/dona.ulv.edu.mx\\\/es\\\/?s={search_term_string}\"},\"query-input\":{\"@type\":\"PropertyValueSpecification\",\"valueRequired\":true,\"valueName\":\"search_term_string\"}}],\"inLanguage\":\"es-ES\"},{\"@type\":\"Organization\",\"@id\":\"https:\\\/\\\/dona.ulv.edu.mx\\\/es\\\/#organization\",\"name\":\"Universidad Linda Vista\",\"url\":\"https:\\\/\\\/dona.ulv.edu.mx\\\/es\\\/\",\"logo\":{\"@type\":\"ImageObject\",\"inLanguage\":\"es-ES\",\"@id\":\"https:\\\/\\\/dona.ulv.edu.mx\\\/es\\\/#\\\/schema\\\/logo\\\/image\\\/\",\"url\":\"https:\\\/\\\/i0.wp.com\\\/dona.ulv.edu.mx\\\/wp-content\\\/uploads\\\/2025\\\/06\\\/LogoMembrete.png?fit=795%2C193&ssl=1\",\"contentUrl\":\"https:\\\/\\\/i0.wp.com\\\/dona.ulv.edu.mx\\\/wp-content\\\/uploads\\\/2025\\\/06\\\/LogoMembrete.png?fit=795%2C193&ssl=1\",\"width\":795,\"height\":193,\"caption\":\"Universidad Linda Vista\"},\"image\":{\"@id\":\"https:\\\/\\\/dona.ulv.edu.mx\\\/es\\\/#\\\/schema\\\/logo\\\/image\\\/\"}}]}<\/script>\n<!-- \/ Yoast SEO plugin. -->","yoast_head_json":{"title":"Contacto","robots":{"index":"index","follow":"follow","max-snippet":"max-snippet:-1","max-image-preview":"max-image-preview:large","max-video-preview":"max-video-preview:-1"},"canonical":"https:\/\/dona.ulv.edu.mx\/es\/contact\/","og_locale":"es_ES","og_type":"article","og_title":"[:es]Contacto[:en]Contacto[:] - Universidad Linda Vista","og_url":"https:\/\/dona.ulv.edu.mx\/es\/contact\/","og_site_name":"Universidad Linda Vista","article_modified_time":"2025-10-06T23:57:07+00:00","twitter_card":"summary_large_image","twitter_misc":{"Tiempo de lectura":"1 minuto"},"schema":{"@context":"https:\/\/schema.org","@graph":[{"@type":"WebPage","@id":"https:\/\/dona.ulv.edu.mx\/es\/contact\/","url":"https:\/\/dona.ulv.edu.mx\/es\/contact\/","name":"Contacto","isPartOf":{"@id":"https:\/\/dona.ulv.edu.mx\/es\/#website"},"datePublished":"2024-01-15T14:05:11+00:00","dateModified":"2025-10-06T23:57:07+00:00","breadcrumb":{"@id":"https:\/\/dona.ulv.edu.mx\/es\/contact\/#breadcrumb"},"inLanguage":"es-ES","potentialAction":[{"@type":"ReadAction","target":["https:\/\/dona.ulv.edu.mx\/es\/contact\/"]}]},{"@type":"BreadcrumbList","@id":"https:\/\/dona.ulv.edu.mx\/es\/contact\/#breadcrumb","itemListElement":[{"@type":"ListItem","position":1,"name":"Home","item":"https:\/\/dona.ulv.edu.mx\/es\/"},{"@type":"ListItem","position":2,"name":"Contacto"}]},{"@type":"WebSite","@id":"https:\/\/dona.ulv.edu.mx\/es\/#website","url":"https:\/\/dona.ulv.edu.mx\/es\/","name":"Universidad Linda Vista","description":"","publisher":{"@id":"https:\/\/dona.ulv.edu.mx\/es\/#organization"},"potentialAction":[{"@type":"SearchAction","target":{"@type":"EntryPoint","urlTemplate":"https:\/\/dona.ulv.edu.mx\/es\/?s={search_term_string}"},"query-input":{"@type":"PropertyValueSpecification","valueRequired":true,"valueName":"search_term_string"}}],"inLanguage":"es-ES"},{"@type":"Organization","@id":"https:\/\/dona.ulv.edu.mx\/es\/#organization","name":"Universidad Linda Vista","url":"https:\/\/dona.ulv.edu.mx\/es\/","logo":{"@type":"ImageObject","inLanguage":"es-ES","@id":"https:\/\/dona.ulv.edu.mx\/es\/#\/schema\/logo\/image\/","url":"https:\/\/i0.wp.com\/dona.ulv.edu.mx\/wp-content\/uploads\/2025\/06\/LogoMembrete.png?fit=795%2C193&ssl=1","contentUrl":"https:\/\/i0.wp.com\/dona.ulv.edu.mx\/wp-content\/uploads\/2025\/06\/LogoMembrete.png?fit=795%2C193&ssl=1","width":795,"height":193,"caption":"Universidad Linda Vista"},"image":{"@id":"https:\/\/dona.ulv.edu.mx\/es\/#\/schema\/logo\/image\/"}}]}},"jetpack_sharing_enabled":true,"_links":{"self":[{"href":"https:\/\/dona.ulv.edu.mx\/es\/wp-json\/wp\/v2\/pages\/16","targetHints":{"allow":["GET"]}}],"collection":[{"href":"https:\/\/dona.ulv.edu.mx\/es\/wp-json\/wp\/v2\/pages"}],"about":[{"href":"https:\/\/dona.ulv.edu.mx\/es\/wp-json\/wp\/v2\/types\/page"}],"author":[{"embeddable":true,"href":"https:\/\/dona.ulv.edu.mx\/es\/wp-json\/wp\/v2\/users\/1"}],"replies":[{"embeddable":true,"href":"https:\/\/dona.ulv.edu.mx\/es\/wp-json\/wp\/v2\/comments?post=16"}],"version-history":[{"count":11,"href":"https:\/\/dona.ulv.edu.mx\/es\/wp-json\/wp\/v2\/pages\/16\/revisions"}],"predecessor-version":[{"id":2236,"href":"https:\/\/dona.ulv.edu.mx\/es\/wp-json\/wp\/v2\/pages\/16\/revisions\/2236"}],"wp:attachment":[{"href":"https:\/\/dona.ulv.edu.mx\/es\/wp-json\/wp\/v2\/media?parent=16"}],"curies":[{"name":"wp","href":"https:\/\/api.w.org\/{rel}","templated":true}]}}