{"id":1364,"date":"2025-06-24T16:56:33","date_gmt":"2025-06-24T16:56:33","guid":{"rendered":"http:\/\/webmaster"},"modified":"2025-10-21T22:20:42","modified_gmt":"2025-10-21T22:20:42","slug":"donativo-estudiante-2","status":"publish","type":"product","link":"https:\/\/dona.ulv.edu.mx\/es\/product\/donativo-estudiante-2\/","title":{"rendered":"Donativo a Estudiantes"},"content":{"rendered":"","protected":false},"excerpt":{"rendered":"<p>Tu generoso donativo no solo representa un apoyo econ\u00f3mico, sino tambi\u00e9n un acto de fe en los sue\u00f1os, talentos y esfuerzo de nuestros estudiantes. Gracias a personas como t\u00fa, muchos j\u00f3venes pueden continuar su formaci\u00f3n acad\u00e9mica, prepar\u00e1ndose para transformar el mundo con valores, conocimiento y servicio.<\/p>\n","protected":false},"featured_media":2014,"template":"","meta":{"nf_dc_page":"","_gspb_post_css":"","om_disable_all_campaigns":false,"_monsterinsights_skip_tracking":false,"_monsterinsights_sitenote_active":false,"_monsterinsights_sitenote_note":"","_monsterinsights_sitenote_category":0},"product_brand":[],"product_cat":[31],"product_tag":[],"class_list":{"0":"post-1364","1":"product","2":"type-product","3":"status-publish","4":"has-post-thumbnail","6":"product_cat-formacion-academica","8":"first","9":"instock","10":"sold-individually","11":"shipping-taxable","12":"purchasable","13":"product-type-simple"},"yoast_head":"<!-- This site is optimized with the Yoast SEO plugin v27.5 - https:\/\/yoast.com\/product\/yoast-seo-wordpress\/ -->\n<title>Donativo a Estudiantes<\/title>\n<meta name=\"robots\" content=\"index, follow, max-snippet:-1, max-image-preview:large, max-video-preview:-1\" \/>\n<link rel=\"canonical\" href=\"https:\/\/dona.ulv.edu.mx\/es\/product\/donativo-estudiante-2\/\" \/>\n<meta property=\"og:locale\" content=\"es_ES\" \/>\n<meta property=\"og:locale:alternate\" content=\"en_US\" \/>\n<meta property=\"og:type\" content=\"article\" \/>\n<meta property=\"og:title\" content=\"Donativo a Estudiantes\" \/>\n<meta property=\"og:description\" content=\"Tu generoso donativo no solo representa un apoyo econ\u00f3mico, sino tambi\u00e9n un acto de fe en los sue\u00f1os, talentos y esfuerzo de nuestros estudiantes. Gracias a personas como t\u00fa, muchos j\u00f3venes pueden continuar su formaci\u00f3n acad\u00e9mica, prepar\u00e1ndose para transformar el mundo con valores, conocimiento y servicio.\" \/>\n<meta property=\"og:url\" content=\"https:\/\/dona.ulv.edu.mx\/es\/product\/donativo-estudiante-2\/\" \/>\n<meta property=\"og:site_name\" content=\"Universidad Linda Vista\" \/>\n<meta property=\"article:modified_time\" content=\"2025-10-21T22:20:42+00:00\" \/>\n<meta property=\"og:image\" content=\"https:\/\/i0.wp.com\/dona.ulv.edu.mx\/wp-content\/uploads\/2025\/06\/2-2-scaled.jpg?fit=2560%2C1707&ssl=1\" \/>\n\t<meta property=\"og:image:width\" content=\"2560\" \/>\n\t<meta property=\"og:image:height\" content=\"1707\" \/>\n\t<meta property=\"og:image:type\" content=\"image\/jpeg\" \/>\n<meta name=\"twitter:card\" content=\"summary_large_image\" \/>\n<meta name=\"twitter:label1\" content=\"Tiempo de lectura\" \/>\n\t<meta name=\"twitter:data1\" content=\"1 minuto\" \/>\n<script type=\"application\/ld+json\" class=\"yoast-schema-graph\">{\"@context\":\"https:\\\/\\\/schema.org\",\"@graph\":[{\"@type\":\"WebPage\",\"@id\":\"https:\\\/\\\/dona.ulv.edu.mx\\\/es\\\/product\\\/donativo-estudiante-2\\\/\",\"url\":\"https:\\\/\\\/dona.ulv.edu.mx\\\/es\\\/product\\\/donativo-estudiante-2\\\/\",\"name\":\"Donativo a Estudiantes\",\"isPartOf\":{\"@id\":\"https:\\\/\\\/dona.ulv.edu.mx\\\/es\\\/#website\"},\"primaryImageOfPage\":{\"@id\":\"https:\\\/\\\/dona.ulv.edu.mx\\\/es\\\/product\\\/donativo-estudiante-2\\\/#primaryimage\"},\"image\":{\"@id\":\"https:\\\/\\\/dona.ulv.edu.mx\\\/es\\\/product\\\/donativo-estudiante-2\\\/#primaryimage\"},\"thumbnailUrl\":\"https:\\\/\\\/i0.wp.com\\\/dona.ulv.edu.mx\\\/wp-content\\\/uploads\\\/2025\\\/06\\\/2-2-scaled.jpg?fit=2560%2C1707&ssl=1\",\"datePublished\":\"2025-06-24T16:56:33+00:00\",\"dateModified\":\"2025-10-21T22:20:42+00:00\",\"breadcrumb\":{\"@id\":\"https:\\\/\\\/dona.ulv.edu.mx\\\/es\\\/product\\\/donativo-estudiante-2\\\/#breadcrumb\"},\"inLanguage\":\"es-ES\",\"potentialAction\":[{\"@type\":\"ReadAction\",\"target\":[\"https:\\\/\\\/dona.ulv.edu.mx\\\/es\\\/product\\\/donativo-estudiante-2\\\/\"]}]},{\"@type\":\"ImageObject\",\"inLanguage\":\"es-ES\",\"@id\":\"https:\\\/\\\/dona.ulv.edu.mx\\\/es\\\/product\\\/donativo-estudiante-2\\\/#primaryimage\",\"url\":\"https:\\\/\\\/i0.wp.com\\\/dona.ulv.edu.mx\\\/wp-content\\\/uploads\\\/2025\\\/06\\\/2-2-scaled.jpg?fit=2560%2C1707&ssl=1\",\"contentUrl\":\"https:\\\/\\\/i0.wp.com\\\/dona.ulv.edu.mx\\\/wp-content\\\/uploads\\\/2025\\\/06\\\/2-2-scaled.jpg?fit=2560%2C1707&ssl=1\",\"width\":2560,\"height\":1707},{\"@type\":\"BreadcrumbList\",\"@id\":\"https:\\\/\\\/dona.ulv.edu.mx\\\/es\\\/product\\\/donativo-estudiante-2\\\/#breadcrumb\",\"itemListElement\":[{\"@type\":\"ListItem\",\"position\":1,\"name\":\"Home\",\"item\":\"https:\\\/\\\/dona.ulv.edu.mx\\\/es\\\/\"},{\"@type\":\"ListItem\",\"position\":2,\"name\":\"Quiero Donar\",\"item\":\"https:\\\/\\\/dona.ulv.edu.mx\\\/es\\\/quiero-donar\\\/\"},{\"@type\":\"ListItem\",\"position\":3,\"name\":\"Donativo a Estudiantes\"}]},{\"@type\":\"WebSite\",\"@id\":\"https:\\\/\\\/dona.ulv.edu.mx\\\/es\\\/#website\",\"url\":\"https:\\\/\\\/dona.ulv.edu.mx\\\/es\\\/\",\"name\":\"Universidad Linda Vista\",\"description\":\"\",\"publisher\":{\"@id\":\"https:\\\/\\\/dona.ulv.edu.mx\\\/es\\\/#organization\"},\"potentialAction\":[{\"@type\":\"SearchAction\",\"target\":{\"@type\":\"EntryPoint\",\"urlTemplate\":\"https:\\\/\\\/dona.ulv.edu.mx\\\/es\\\/?s={search_term_string}\"},\"query-input\":{\"@type\":\"PropertyValueSpecification\",\"valueRequired\":true,\"valueName\":\"search_term_string\"}}],\"inLanguage\":\"es-ES\"},{\"@type\":\"Organization\",\"@id\":\"https:\\\/\\\/dona.ulv.edu.mx\\\/es\\\/#organization\",\"name\":\"Universidad Linda Vista\",\"url\":\"https:\\\/\\\/dona.ulv.edu.mx\\\/es\\\/\",\"logo\":{\"@type\":\"ImageObject\",\"inLanguage\":\"es-ES\",\"@id\":\"https:\\\/\\\/dona.ulv.edu.mx\\\/es\\\/#\\\/schema\\\/logo\\\/image\\\/\",\"url\":\"https:\\\/\\\/i0.wp.com\\\/dona.ulv.edu.mx\\\/wp-content\\\/uploads\\\/2025\\\/06\\\/LogoMembrete.png?fit=795%2C193&ssl=1\",\"contentUrl\":\"https:\\\/\\\/i0.wp.com\\\/dona.ulv.edu.mx\\\/wp-content\\\/uploads\\\/2025\\\/06\\\/LogoMembrete.png?fit=795%2C193&ssl=1\",\"width\":795,\"height\":193,\"caption\":\"Universidad Linda Vista\"},\"image\":{\"@id\":\"https:\\\/\\\/dona.ulv.edu.mx\\\/es\\\/#\\\/schema\\\/logo\\\/image\\\/\"}}]}<\/script>\n<!-- \/ Yoast SEO plugin. -->","yoast_head_json":{"title":"Donativo a Estudiantes","robots":{"index":"index","follow":"follow","max-snippet":"max-snippet:-1","max-image-preview":"max-image-preview:large","max-video-preview":"max-video-preview:-1"},"canonical":"https:\/\/dona.ulv.edu.mx\/es\/product\/donativo-estudiante-2\/","og_locale":"es_ES","og_type":"article","og_title":"[:es]Donativo a Estudiantes[:en]Donation to Students[:] - Universidad Linda Vista","og_description":"Tu generoso donativo no solo representa un apoyo econ\u00f3mico, sino tambi\u00e9n un acto de fe en los sue\u00f1os, talentos y esfuerzo de nuestros estudiantes. Gracias a personas como t\u00fa, muchos j\u00f3venes pueden continuar su formaci\u00f3n acad\u00e9mica, prepar\u00e1ndose para transformar el mundo con valores, conocimiento y servicio.","og_url":"https:\/\/dona.ulv.edu.mx\/es\/product\/donativo-estudiante-2\/","og_site_name":"Universidad Linda Vista","article_modified_time":"2025-10-21T22:20:42+00:00","og_image":[{"width":2560,"height":1707,"url":"https:\/\/i0.wp.com\/dona.ulv.edu.mx\/wp-content\/uploads\/2025\/06\/2-2-scaled.jpg?fit=2560%2C1707&ssl=1","type":"image\/jpeg"}],"twitter_card":"summary_large_image","twitter_misc":{"Tiempo de lectura":"1 minuto"},"schema":{"@context":"https:\/\/schema.org","@graph":[{"@type":"WebPage","@id":"https:\/\/dona.ulv.edu.mx\/es\/product\/donativo-estudiante-2\/","url":"https:\/\/dona.ulv.edu.mx\/es\/product\/donativo-estudiante-2\/","name":"Donativo a Estudiantes","isPartOf":{"@id":"https:\/\/dona.ulv.edu.mx\/es\/#website"},"primaryImageOfPage":{"@id":"https:\/\/dona.ulv.edu.mx\/es\/product\/donativo-estudiante-2\/#primaryimage"},"image":{"@id":"https:\/\/dona.ulv.edu.mx\/es\/product\/donativo-estudiante-2\/#primaryimage"},"thumbnailUrl":"https:\/\/i0.wp.com\/dona.ulv.edu.mx\/wp-content\/uploads\/2025\/06\/2-2-scaled.jpg?fit=2560%2C1707&ssl=1","datePublished":"2025-06-24T16:56:33+00:00","dateModified":"2025-10-21T22:20:42+00:00","breadcrumb":{"@id":"https:\/\/dona.ulv.edu.mx\/es\/product\/donativo-estudiante-2\/#breadcrumb"},"inLanguage":"es-ES","potentialAction":[{"@type":"ReadAction","target":["https:\/\/dona.ulv.edu.mx\/es\/product\/donativo-estudiante-2\/"]}]},{"@type":"ImageObject","inLanguage":"es-ES","@id":"https:\/\/dona.ulv.edu.mx\/es\/product\/donativo-estudiante-2\/#primaryimage","url":"https:\/\/i0.wp.com\/dona.ulv.edu.mx\/wp-content\/uploads\/2025\/06\/2-2-scaled.jpg?fit=2560%2C1707&ssl=1","contentUrl":"https:\/\/i0.wp.com\/dona.ulv.edu.mx\/wp-content\/uploads\/2025\/06\/2-2-scaled.jpg?fit=2560%2C1707&ssl=1","width":2560,"height":1707},{"@type":"BreadcrumbList","@id":"https:\/\/dona.ulv.edu.mx\/es\/product\/donativo-estudiante-2\/#breadcrumb","itemListElement":[{"@type":"ListItem","position":1,"name":"Home","item":"https:\/\/dona.ulv.edu.mx\/es\/"},{"@type":"ListItem","position":2,"name":"Quiero Donar","item":"https:\/\/dona.ulv.edu.mx\/es\/quiero-donar\/"},{"@type":"ListItem","position":3,"name":"Donativo a Estudiantes"}]},{"@type":"WebSite","@id":"https:\/\/dona.ulv.edu.mx\/es\/#website","url":"https:\/\/dona.ulv.edu.mx\/es\/","name":"Universidad Linda Vista","description":"","publisher":{"@id":"https:\/\/dona.ulv.edu.mx\/es\/#organization"},"potentialAction":[{"@type":"SearchAction","target":{"@type":"EntryPoint","urlTemplate":"https:\/\/dona.ulv.edu.mx\/es\/?s={search_term_string}"},"query-input":{"@type":"PropertyValueSpecification","valueRequired":true,"valueName":"search_term_string"}}],"inLanguage":"es-ES"},{"@type":"Organization","@id":"https:\/\/dona.ulv.edu.mx\/es\/#organization","name":"Universidad Linda Vista","url":"https:\/\/dona.ulv.edu.mx\/es\/","logo":{"@type":"ImageObject","inLanguage":"es-ES","@id":"https:\/\/dona.ulv.edu.mx\/es\/#\/schema\/logo\/image\/","url":"https:\/\/i0.wp.com\/dona.ulv.edu.mx\/wp-content\/uploads\/2025\/06\/LogoMembrete.png?fit=795%2C193&ssl=1","contentUrl":"https:\/\/i0.wp.com\/dona.ulv.edu.mx\/wp-content\/uploads\/2025\/06\/LogoMembrete.png?fit=795%2C193&ssl=1","width":795,"height":193,"caption":"Universidad Linda Vista"},"image":{"@id":"https:\/\/dona.ulv.edu.mx\/es\/#\/schema\/logo\/image\/"}}]}},"jetpack_sharing_enabled":true,"_links":{"self":[{"href":"https:\/\/dona.ulv.edu.mx\/es\/wp-json\/wp\/v2\/product\/1364","targetHints":{"allow":["GET"]}}],"collection":[{"href":"https:\/\/dona.ulv.edu.mx\/es\/wp-json\/wp\/v2\/product"}],"about":[{"href":"https:\/\/dona.ulv.edu.mx\/es\/wp-json\/wp\/v2\/types\/product"}],"wp:featuredmedia":[{"embeddable":true,"href":"https:\/\/dona.ulv.edu.mx\/es\/wp-json\/wp\/v2\/media\/2014"}],"wp:attachment":[{"href":"https:\/\/dona.ulv.edu.mx\/es\/wp-json\/wp\/v2\/media?parent=1364"}],"wp:term":[{"taxonomy":"product_brand","embeddable":true,"href":"https:\/\/dona.ulv.edu.mx\/es\/wp-json\/wp\/v2\/product_brand?post=1364"},{"taxonomy":"product_cat","embeddable":true,"href":"https:\/\/dona.ulv.edu.mx\/es\/wp-json\/wp\/v2\/product_cat?post=1364"},{"taxonomy":"product_tag","embeddable":true,"href":"https:\/\/dona.ulv.edu.mx\/es\/wp-json\/wp\/v2\/product_tag?post=1364"}],"curies":[{"name":"wp","href":"https:\/\/api.w.org\/{rel}","templated":true}]}}