{"id":2337,"date":"2025-10-20T23:49:50","date_gmt":"2025-10-20T23:49:50","guid":{"rendered":"https:\/\/dona.ulv.edu.mx\/es\/?post_type=product&#038;p=2337"},"modified":"2025-10-21T22:11:53","modified_gmt":"2025-10-21T22:11:53","slug":"conservacion-del-venado-cola-blanca","status":"publish","type":"product","link":"https:\/\/dona.ulv.edu.mx\/es\/product\/conservacion-del-venado-cola-blanca\/","title":{"rendered":"Conservaci\u00f3n del Venado Cola Blanca"},"content":{"rendered":"","protected":false},"excerpt":{"rendered":"<p><strong data-start=\"104\" data-end=\"154\">Tu apoyo al proyecto del Venado de Cola Blanca<\/strong> impulsa la conservaci\u00f3n de esta especie emblem\u00e1tica del sur de M\u00e9xico. Cada donativo fortalece la educaci\u00f3n ambiental, el cuidado del h\u00e1bitat y la formaci\u00f3n de una comunidad comprometida con la creaci\u00f3n.<\/p>\n","protected":false},"featured_media":1897,"template":"","meta":{"nf_dc_page":"","_gspb_post_css":"","om_disable_all_campaigns":false,"_monsterinsights_skip_tracking":false,"_monsterinsights_sitenote_active":false,"_monsterinsights_sitenote_note":"","_monsterinsights_sitenote_category":0},"product_brand":[],"product_cat":[57],"product_tag":[],"class_list":{"0":"post-2337","1":"product","2":"type-product","3":"status-publish","4":"has-post-thumbnail","6":"product_cat-venado","8":"first","9":"instock","10":"sold-individually","11":"shipping-taxable","12":"purchasable","13":"product-type-simple"},"yoast_head":"<!-- This site is optimized with the Yoast SEO plugin v27.4 - https:\/\/yoast.com\/product\/yoast-seo-wordpress\/ -->\n<title>Conservaci\u00f3n del Venado Cola Blanca<\/title>\n<meta name=\"robots\" content=\"index, follow, max-snippet:-1, max-image-preview:large, max-video-preview:-1\" \/>\n<link rel=\"canonical\" href=\"https:\/\/dona.ulv.edu.mx\/es\/product\/conservacion-del-venado-cola-blanca\/\" \/>\n<meta property=\"og:locale\" content=\"es_ES\" \/>\n<meta property=\"og:locale:alternate\" content=\"en_US\" \/>\n<meta property=\"og:type\" content=\"article\" \/>\n<meta property=\"og:title\" content=\"Conservaci\u00f3n del Venado Cola Blanca\" \/>\n<meta property=\"og:description\" content=\"Tu apoyo al proyecto del Venado de Cola Blanca impulsa la conservaci\u00f3n de esta especie emblem\u00e1tica del sur de M\u00e9xico. Cada donativo fortalece la educaci\u00f3n ambiental, el cuidado del h\u00e1bitat y la formaci\u00f3n de una comunidad comprometida con la creaci\u00f3n.\" \/>\n<meta property=\"og:url\" content=\"https:\/\/dona.ulv.edu.mx\/es\/product\/conservacion-del-venado-cola-blanca\/\" \/>\n<meta property=\"og:site_name\" content=\"Universidad Linda Vista\" \/>\n<meta property=\"article:modified_time\" content=\"2025-10-21T22:11:53+00:00\" \/>\n<meta property=\"og:image\" content=\"https:\/\/dona.ulv.edu.mx\/wp-content\/uploads\/2025\/06\/ve1-1024x576.webp\" \/>\n\t<meta property=\"og:image:width\" content=\"1024\" \/>\n\t<meta property=\"og:image:height\" content=\"576\" \/>\n\t<meta property=\"og:image:type\" content=\"image\/webp\" \/>\n<meta name=\"twitter:card\" content=\"summary_large_image\" \/>\n<meta name=\"twitter:label1\" content=\"Tiempo de lectura\" \/>\n\t<meta name=\"twitter:data1\" content=\"1 minuto\" \/>\n<script type=\"application\/ld+json\" class=\"yoast-schema-graph\">{\"@context\":\"https:\\\/\\\/schema.org\",\"@graph\":[{\"@type\":\"WebPage\",\"@id\":\"https:\\\/\\\/dona.ulv.edu.mx\\\/es\\\/product\\\/conservacion-del-venado-cola-blanca\\\/\",\"url\":\"https:\\\/\\\/dona.ulv.edu.mx\\\/es\\\/product\\\/conservacion-del-venado-cola-blanca\\\/\",\"name\":\"Conservaci\u00f3n del Venado Cola Blanca\",\"isPartOf\":{\"@id\":\"https:\\\/\\\/dona.ulv.edu.mx\\\/es\\\/#website\"},\"primaryImageOfPage\":{\"@id\":\"https:\\\/\\\/dona.ulv.edu.mx\\\/es\\\/product\\\/conservacion-del-venado-cola-blanca\\\/#primaryimage\"},\"image\":{\"@id\":\"https:\\\/\\\/dona.ulv.edu.mx\\\/es\\\/product\\\/conservacion-del-venado-cola-blanca\\\/#primaryimage\"},\"thumbnailUrl\":\"https:\\\/\\\/i0.wp.com\\\/dona.ulv.edu.mx\\\/wp-content\\\/uploads\\\/2025\\\/06\\\/ve1.webp?fit=1920%2C1080&ssl=1\",\"datePublished\":\"2025-10-20T23:49:50+00:00\",\"dateModified\":\"2025-10-21T22:11:53+00:00\",\"breadcrumb\":{\"@id\":\"https:\\\/\\\/dona.ulv.edu.mx\\\/es\\\/product\\\/conservacion-del-venado-cola-blanca\\\/#breadcrumb\"},\"inLanguage\":\"es-ES\",\"potentialAction\":[{\"@type\":\"ReadAction\",\"target\":[\"https:\\\/\\\/dona.ulv.edu.mx\\\/es\\\/product\\\/conservacion-del-venado-cola-blanca\\\/\"]}]},{\"@type\":\"ImageObject\",\"inLanguage\":\"es-ES\",\"@id\":\"https:\\\/\\\/dona.ulv.edu.mx\\\/es\\\/product\\\/conservacion-del-venado-cola-blanca\\\/#primaryimage\",\"url\":\"https:\\\/\\\/i0.wp.com\\\/dona.ulv.edu.mx\\\/wp-content\\\/uploads\\\/2025\\\/06\\\/ve1.webp?fit=1920%2C1080&ssl=1\",\"contentUrl\":\"https:\\\/\\\/i0.wp.com\\\/dona.ulv.edu.mx\\\/wp-content\\\/uploads\\\/2025\\\/06\\\/ve1.webp?fit=1920%2C1080&ssl=1\",\"width\":1920,\"height\":1080},{\"@type\":\"BreadcrumbList\",\"@id\":\"https:\\\/\\\/dona.ulv.edu.mx\\\/es\\\/product\\\/conservacion-del-venado-cola-blanca\\\/#breadcrumb\",\"itemListElement\":[{\"@type\":\"ListItem\",\"position\":1,\"name\":\"Home\",\"item\":\"https:\\\/\\\/dona.ulv.edu.mx\\\/es\\\/\"},{\"@type\":\"ListItem\",\"position\":2,\"name\":\"Quiero Donar\",\"item\":\"https:\\\/\\\/dona.ulv.edu.mx\\\/es\\\/quiero-donar\\\/\"},{\"@type\":\"ListItem\",\"position\":3,\"name\":\"Conservaci\u00f3n del Venado Cola Blanca\"}]},{\"@type\":\"WebSite\",\"@id\":\"https:\\\/\\\/dona.ulv.edu.mx\\\/es\\\/#website\",\"url\":\"https:\\\/\\\/dona.ulv.edu.mx\\\/es\\\/\",\"name\":\"Universidad Linda Vista\",\"description\":\"\",\"publisher\":{\"@id\":\"https:\\\/\\\/dona.ulv.edu.mx\\\/es\\\/#organization\"},\"potentialAction\":[{\"@type\":\"SearchAction\",\"target\":{\"@type\":\"EntryPoint\",\"urlTemplate\":\"https:\\\/\\\/dona.ulv.edu.mx\\\/es\\\/?s={search_term_string}\"},\"query-input\":{\"@type\":\"PropertyValueSpecification\",\"valueRequired\":true,\"valueName\":\"search_term_string\"}}],\"inLanguage\":\"es-ES\"},{\"@type\":\"Organization\",\"@id\":\"https:\\\/\\\/dona.ulv.edu.mx\\\/es\\\/#organization\",\"name\":\"Universidad Linda Vista\",\"url\":\"https:\\\/\\\/dona.ulv.edu.mx\\\/es\\\/\",\"logo\":{\"@type\":\"ImageObject\",\"inLanguage\":\"es-ES\",\"@id\":\"https:\\\/\\\/dona.ulv.edu.mx\\\/es\\\/#\\\/schema\\\/logo\\\/image\\\/\",\"url\":\"https:\\\/\\\/i0.wp.com\\\/dona.ulv.edu.mx\\\/wp-content\\\/uploads\\\/2025\\\/06\\\/LogoMembrete.png?fit=795%2C193&ssl=1\",\"contentUrl\":\"https:\\\/\\\/i0.wp.com\\\/dona.ulv.edu.mx\\\/wp-content\\\/uploads\\\/2025\\\/06\\\/LogoMembrete.png?fit=795%2C193&ssl=1\",\"width\":795,\"height\":193,\"caption\":\"Universidad Linda Vista\"},\"image\":{\"@id\":\"https:\\\/\\\/dona.ulv.edu.mx\\\/es\\\/#\\\/schema\\\/logo\\\/image\\\/\"}}]}<\/script>\n<!-- \/ Yoast SEO plugin. -->","yoast_head_json":{"title":"Conservaci\u00f3n del Venado Cola Blanca","robots":{"index":"index","follow":"follow","max-snippet":"max-snippet:-1","max-image-preview":"max-image-preview:large","max-video-preview":"max-video-preview:-1"},"canonical":"https:\/\/dona.ulv.edu.mx\/es\/product\/conservacion-del-venado-cola-blanca\/","og_locale":"es_ES","og_type":"article","og_title":"[:es]Conservaci\u00f3n del Venado Cola Blanca[:en]White-tailed Deer Conservation[:] - Universidad Linda Vista","og_description":"Tu apoyo al proyecto del Venado de Cola Blanca impulsa la conservaci\u00f3n de esta especie emblem\u00e1tica del sur de M\u00e9xico. Cada donativo fortalece la educaci\u00f3n ambiental, el cuidado del h\u00e1bitat y la formaci\u00f3n de una comunidad comprometida con la creaci\u00f3n.","og_url":"https:\/\/dona.ulv.edu.mx\/es\/product\/conservacion-del-venado-cola-blanca\/","og_site_name":"Universidad Linda Vista","article_modified_time":"2025-10-21T22:11:53+00:00","og_image":[{"width":1024,"height":576,"url":"https:\/\/dona.ulv.edu.mx\/wp-content\/uploads\/2025\/06\/ve1-1024x576.webp","type":"image\/webp"}],"twitter_card":"summary_large_image","twitter_misc":{"Tiempo de lectura":"1 minuto"},"schema":{"@context":"https:\/\/schema.org","@graph":[{"@type":"WebPage","@id":"https:\/\/dona.ulv.edu.mx\/es\/product\/conservacion-del-venado-cola-blanca\/","url":"https:\/\/dona.ulv.edu.mx\/es\/product\/conservacion-del-venado-cola-blanca\/","name":"Conservaci\u00f3n del Venado Cola Blanca","isPartOf":{"@id":"https:\/\/dona.ulv.edu.mx\/es\/#website"},"primaryImageOfPage":{"@id":"https:\/\/dona.ulv.edu.mx\/es\/product\/conservacion-del-venado-cola-blanca\/#primaryimage"},"image":{"@id":"https:\/\/dona.ulv.edu.mx\/es\/product\/conservacion-del-venado-cola-blanca\/#primaryimage"},"thumbnailUrl":"https:\/\/i0.wp.com\/dona.ulv.edu.mx\/wp-content\/uploads\/2025\/06\/ve1.webp?fit=1920%2C1080&ssl=1","datePublished":"2025-10-20T23:49:50+00:00","dateModified":"2025-10-21T22:11:53+00:00","breadcrumb":{"@id":"https:\/\/dona.ulv.edu.mx\/es\/product\/conservacion-del-venado-cola-blanca\/#breadcrumb"},"inLanguage":"es-ES","potentialAction":[{"@type":"ReadAction","target":["https:\/\/dona.ulv.edu.mx\/es\/product\/conservacion-del-venado-cola-blanca\/"]}]},{"@type":"ImageObject","inLanguage":"es-ES","@id":"https:\/\/dona.ulv.edu.mx\/es\/product\/conservacion-del-venado-cola-blanca\/#primaryimage","url":"https:\/\/i0.wp.com\/dona.ulv.edu.mx\/wp-content\/uploads\/2025\/06\/ve1.webp?fit=1920%2C1080&ssl=1","contentUrl":"https:\/\/i0.wp.com\/dona.ulv.edu.mx\/wp-content\/uploads\/2025\/06\/ve1.webp?fit=1920%2C1080&ssl=1","width":1920,"height":1080},{"@type":"BreadcrumbList","@id":"https:\/\/dona.ulv.edu.mx\/es\/product\/conservacion-del-venado-cola-blanca\/#breadcrumb","itemListElement":[{"@type":"ListItem","position":1,"name":"Home","item":"https:\/\/dona.ulv.edu.mx\/es\/"},{"@type":"ListItem","position":2,"name":"Quiero Donar","item":"https:\/\/dona.ulv.edu.mx\/es\/quiero-donar\/"},{"@type":"ListItem","position":3,"name":"Conservaci\u00f3n del Venado Cola Blanca"}]},{"@type":"WebSite","@id":"https:\/\/dona.ulv.edu.mx\/es\/#website","url":"https:\/\/dona.ulv.edu.mx\/es\/","name":"Universidad Linda Vista","description":"","publisher":{"@id":"https:\/\/dona.ulv.edu.mx\/es\/#organization"},"potentialAction":[{"@type":"SearchAction","target":{"@type":"EntryPoint","urlTemplate":"https:\/\/dona.ulv.edu.mx\/es\/?s={search_term_string}"},"query-input":{"@type":"PropertyValueSpecification","valueRequired":true,"valueName":"search_term_string"}}],"inLanguage":"es-ES"},{"@type":"Organization","@id":"https:\/\/dona.ulv.edu.mx\/es\/#organization","name":"Universidad Linda Vista","url":"https:\/\/dona.ulv.edu.mx\/es\/","logo":{"@type":"ImageObject","inLanguage":"es-ES","@id":"https:\/\/dona.ulv.edu.mx\/es\/#\/schema\/logo\/image\/","url":"https:\/\/i0.wp.com\/dona.ulv.edu.mx\/wp-content\/uploads\/2025\/06\/LogoMembrete.png?fit=795%2C193&ssl=1","contentUrl":"https:\/\/i0.wp.com\/dona.ulv.edu.mx\/wp-content\/uploads\/2025\/06\/LogoMembrete.png?fit=795%2C193&ssl=1","width":795,"height":193,"caption":"Universidad Linda Vista"},"image":{"@id":"https:\/\/dona.ulv.edu.mx\/es\/#\/schema\/logo\/image\/"}}]}},"jetpack_sharing_enabled":true,"_links":{"self":[{"href":"https:\/\/dona.ulv.edu.mx\/es\/wp-json\/wp\/v2\/product\/2337","targetHints":{"allow":["GET"]}}],"collection":[{"href":"https:\/\/dona.ulv.edu.mx\/es\/wp-json\/wp\/v2\/product"}],"about":[{"href":"https:\/\/dona.ulv.edu.mx\/es\/wp-json\/wp\/v2\/types\/product"}],"wp:featuredmedia":[{"embeddable":true,"href":"https:\/\/dona.ulv.edu.mx\/es\/wp-json\/wp\/v2\/media\/1897"}],"wp:attachment":[{"href":"https:\/\/dona.ulv.edu.mx\/es\/wp-json\/wp\/v2\/media?parent=2337"}],"wp:term":[{"taxonomy":"product_brand","embeddable":true,"href":"https:\/\/dona.ulv.edu.mx\/es\/wp-json\/wp\/v2\/product_brand?post=2337"},{"taxonomy":"product_cat","embeddable":true,"href":"https:\/\/dona.ulv.edu.mx\/es\/wp-json\/wp\/v2\/product_cat?post=2337"},{"taxonomy":"product_tag","embeddable":true,"href":"https:\/\/dona.ulv.edu.mx\/es\/wp-json\/wp\/v2\/product_tag?post=2337"}],"curies":[{"name":"wp","href":"https:\/\/api.w.org\/{rel}","templated":true}]}}